{"id":7,"date":"2018-01-23T13:26:00","date_gmt":"2018-01-23T12:26:00","guid":{"rendered":"http:\/\/info-serenity.fr\/?page_id=7"},"modified":"2018-08-29T13:47:57","modified_gmt":"2018-08-29T11:47:57","slug":"accueil","status":"publish","type":"page","link":"https:\/\/info-serenity.fr\/","title":{"rendered":"Accueil"},"content":{"rendered":"<p>L&rsquo;informatique pour les particuliers en toute s\u00e9r\u00e9nit\u00e9 !!!!<\/p>\n\n\n<figure class=\"wp-block-image\"><img fetchpriority=\"high\" decoding=\"async\" width=\"3508\" height=\"1654\" src=\"http:\/\/info-serenity.fr\/wp-content\/uploads\/2018\/01\/pub-inf-serenity-1.jpeg\" alt=\"\" class=\"wp-image-47\" srcset=\"https:\/\/info-serenity.fr\/wp-content\/uploads\/2018\/01\/pub-inf-serenity-1.jpeg 3508w, https:\/\/info-serenity.fr\/wp-content\/uploads\/2018\/01\/pub-inf-serenity-1-416x196.jpeg 416w, https:\/\/info-serenity.fr\/wp-content\/uploads\/2018\/01\/pub-inf-serenity-1-300x141.jpeg 300w, https:\/\/info-serenity.fr\/wp-content\/uploads\/2018\/01\/pub-inf-serenity-1-768x362.jpeg 768w, https:\/\/info-serenity.fr\/wp-content\/uploads\/2018\/01\/pub-inf-serenity-1-1024x483.jpeg 1024w\" sizes=\"(max-width: 3508px) 100vw, 3508px\" \/><\/figure>\n","protected":false},"excerpt":{"rendered":"<p>L&rsquo;informatique pour les particuliers en toute s\u00e9r\u00e9nit\u00e9 !!!!<\/p>\n","protected":false},"author":1,"featured_media":0,"parent":0,"menu_order":0,"comment_status":"closed","ping_status":"open","template":"","meta":{"om_disable_all_campaigns":false,"ngg_post_thumbnail":0,"footnotes":""},"class_list":["post-7","page","type-page","status-publish","hentry"],"_links":{"self":[{"href":"https:\/\/info-serenity.fr\/index.php\/wp-json\/wp\/v2\/pages\/7","targetHints":{"allow":["GET"]}}],"collection":[{"href":"https:\/\/info-serenity.fr\/index.php\/wp-json\/wp\/v2\/pages"}],"about":[{"href":"https:\/\/info-serenity.fr\/index.php\/wp-json\/wp\/v2\/types\/page"}],"author":[{"embeddable":true,"href":"https:\/\/info-serenity.fr\/index.php\/wp-json\/wp\/v2\/users\/1"}],"replies":[{"embeddable":true,"href":"https:\/\/info-serenity.fr\/index.php\/wp-json\/wp\/v2\/comments?post=7"}],"version-history":[{"count":3,"href":"https:\/\/info-serenity.fr\/index.php\/wp-json\/wp\/v2\/pages\/7\/revisions"}],"predecessor-version":[{"id":143,"href":"https:\/\/info-serenity.fr\/index.php\/wp-json\/wp\/v2\/pages\/7\/revisions\/143"}],"wp:attachment":[{"href":"https:\/\/info-serenity.fr\/index.php\/wp-json\/wp\/v2\/media?parent=7"}],"curies":[{"name":"wp","href":"https:\/\/api.w.org\/{rel}","templated":true}]}}